{"id":511,"date":"2020-08-18T08:48:39","date_gmt":"2020-08-18T08:48:39","guid":{"rendered":"https:\/\/www.itp-gmbh.eu\/?page_id=511"},"modified":"2020-08-18T11:15:24","modified_gmt":"2020-08-18T11:15:24","slug":"flutlicht","status":"publish","type":"page","link":"https:\/\/www.itp-gmbh.eu\/en\/itp-stadium\/flutlicht","title":{"rendered":"FLOODLIGHT"},"content":{"rendered":"\n<figure class=\"wp-block-image size-large\"><img loading=\"lazy\" decoding=\"async\" width=\"1024\" height=\"274\" src=\"http:\/\/itp-gmbh.eu\/wp-content\/uploads\/2020\/03\/ITP-STADIUM-1024x274.png\" alt=\"\" class=\"wp-image-402\" srcset=\"https:\/\/www.itp-gmbh.eu\/wp-content\/uploads\/2020\/03\/ITP-STADIUM-1024x274.png 1024w, https:\/\/www.itp-gmbh.eu\/wp-content\/uploads\/2020\/03\/ITP-STADIUM-300x80.png 300w, https:\/\/www.itp-gmbh.eu\/wp-content\/uploads\/2020\/03\/ITP-STADIUM-768x205.png 768w, https:\/\/www.itp-gmbh.eu\/wp-content\/uploads\/2020\/03\/ITP-STADIUM-1536x411.png 1536w, https:\/\/www.itp-gmbh.eu\/wp-content\/uploads\/2020\/03\/ITP-STADIUM-2048x548.png 2048w\" sizes=\"auto, (max-width: 767px) 89vw, (max-width: 1000px) 54vw, (max-width: 1071px) 543px, 580px\" \/><\/figure>\n\n\n\n<p>LED-Flutlicht der neusten Generation, setzt neue Ma\u00dfst\u00e4be bei der Umsetzung. Ob Umbau bestehender Anlagen, Neubau oder in der Vorplanung kann die ITP mit ihren deutschen Partnern ma\u00dfgeblich unterst\u00fctzen. Wir erledigen s\u00e4mtliche anfallenden Aufgaben aus einer Hand und binden das Flutlicht im energetischen Gesamtkonzept der Vereine mit ein.<\/p>\n\n\n\n<div class=\"n2_ss_slider_publish__option_code\" dir=\"ltr\" data-mode=\"id\"><\/div>\n\n\n\n<h4><u>Umbau bestehender Anlagen zur Umr\u00fcstung auf LED-Technik:<\/u><\/h4>\n\n\n\n<p style=\"background-color:#39ac37;color:#ffffff\" class=\"has-text-color has-background\">Aufnahme der IST-Bestandsanlagen mit der Pr\u00fcfung der bestehend Flutlichtmasten und Fundamente auf statische Erfordernisse zur Aufnahme der neuen LED-Strahler. Energiezuf\u00fchrung und Lichtplanung sind weiter Schritte zur Umsetzung. Von der Planung bis zur Montage und der anschlie\u00dfenden Inbetriebnahmen, \u00fcbernehmen wir alles in einer Hand. Sehr gerne unterst\u00fctzen wir auch bei staatlichen F\u00f6rderm\u00f6glichkeiten f\u00fcr Investitionskosten auch f\u00fcr kleine Vereine.<\/p>\n\n\n\n<h4><u>Neubau von Sportanlagen mit neuster LED-Lichttechnik<\/u><\/h4>\n\n\n\n<p style=\"background-color:#39ac37;color:#ffffff\" class=\"has-text-color has-background\">Grundlagenermittlungen bei der Planung f\u00fcr optimale Lichtkonzepte f\u00fcr Sportvereine sind Voraussetzungen f\u00fcr optimale Lichtverteilung auf den Sportfl\u00e4chen und den eventuellen Schutz der Anwohner gegen die Luftverschmutzung. Automatisiere Anlagen (SPS) leisten ihren Beitrag zum energieoptimierten Gesamtkonzept bis hin zur Einbindung in den Technikleitzentralen der Vereine.<\/p>\n\n\n\n<p>Sprechen Sie uns an und nutzen Sie die derzeitigen staatlichen F\u00f6rderm\u00f6glichkeiten zur Umr\u00fcstung der Flutlichtanlagen auf LED-Technik. Die staatliche F\u00f6rderung kann derzeit bis zu 70 % der Investitionskosten betragen.<\/p>\n","protected":false},"excerpt":{"rendered":"<p>LED-Flutlicht der neusten Generation, setzt neue Ma\u00dfst\u00e4be bei der Umsetzung. Ob Umbau bestehender Anlagen, Neubau oder in der Vorplanung kann die ITP mit ihren deutschen Partnern ma\u00dfgeblich unterst\u00fctzen. Wir erledigen s\u00e4mtliche anfallenden Aufgaben aus einer Hand und binden das Flutlicht im energetischen Gesamtkonzept der Vereine mit ein. Umbau bestehender Anlagen zur Umr\u00fcstung auf LED-Technik: Aufnahme &hellip; <\/p>\n<p class=\"link-more\"><a href=\"https:\/\/www.itp-gmbh.eu\/en\/itp-stadium\/flutlicht\" class=\"more-link\">Continue reading<span class=\"screen-reader-text\"> &#8220;FLOODLIGHT&#8221;<\/span><\/a><\/p>\n","protected":false},"author":2,"featured_media":0,"parent":14,"menu_order":0,"comment_status":"closed","ping_status":"closed","template":"","meta":{"footnotes":""},"class_list":["post-511","page","type-page","status-publish","hentry"],"translation":{"provider":"WPGlobus","version":"3.0.0","language":"en","enabled_languages":["de","en"],"languages":{"de":{"title":true,"content":true,"excerpt":false},"en":{"title":true,"content":true,"excerpt":false}}},"_links":{"self":[{"href":"https:\/\/www.itp-gmbh.eu\/en\/wp-json\/wp\/v2\/pages\/511","targetHints":{"allow":["GET"]}}],"collection":[{"href":"https:\/\/www.itp-gmbh.eu\/en\/wp-json\/wp\/v2\/pages"}],"about":[{"href":"https:\/\/www.itp-gmbh.eu\/en\/wp-json\/wp\/v2\/types\/page"}],"author":[{"embeddable":true,"href":"https:\/\/www.itp-gmbh.eu\/en\/wp-json\/wp\/v2\/users\/2"}],"replies":[{"embeddable":true,"href":"https:\/\/www.itp-gmbh.eu\/en\/wp-json\/wp\/v2\/comments?post=511"}],"version-history":[{"count":12,"href":"https:\/\/www.itp-gmbh.eu\/en\/wp-json\/wp\/v2\/pages\/511\/revisions"}],"predecessor-version":[{"id":528,"href":"https:\/\/www.itp-gmbh.eu\/en\/wp-json\/wp\/v2\/pages\/511\/revisions\/528"}],"up":[{"embeddable":true,"href":"https:\/\/www.itp-gmbh.eu\/en\/wp-json\/wp\/v2\/pages\/14"}],"wp:attachment":[{"href":"https:\/\/www.itp-gmbh.eu\/en\/wp-json\/wp\/v2\/media?parent=511"}],"curies":[{"name":"wp","href":"https:\/\/api.w.org\/{rel}","templated":true}]}}