{"id":482,"date":"2020-05-14T13:51:18","date_gmt":"2020-05-14T13:51:18","guid":{"rendered":"https:\/\/www.itp-gmbh.eu\/?page_id=482"},"modified":"2020-05-14T15:09:02","modified_gmt":"2020-05-14T15:09:02","slug":"projekte","status":"publish","type":"page","link":"https:\/\/www.itp-gmbh.eu\/en\/projekte","title":{"rendered":"PROJEKTE"},"content":{"rendered":"\n<figure class=\"wp-block-image size-large\"><img loading=\"lazy\" decoding=\"async\" width=\"1024\" height=\"274\" src=\"http:\/\/itp-gmbh.eu\/wp-content\/uploads\/2020\/03\/ITP-STADIUM-1024x274.png\" alt=\"\" class=\"wp-image-402\" srcset=\"https:\/\/www.itp-gmbh.eu\/wp-content\/uploads\/2020\/03\/ITP-STADIUM-1024x274.png 1024w, https:\/\/www.itp-gmbh.eu\/wp-content\/uploads\/2020\/03\/ITP-STADIUM-300x80.png 300w, https:\/\/www.itp-gmbh.eu\/wp-content\/uploads\/2020\/03\/ITP-STADIUM-768x205.png 768w, https:\/\/www.itp-gmbh.eu\/wp-content\/uploads\/2020\/03\/ITP-STADIUM-1536x411.png 1536w, https:\/\/www.itp-gmbh.eu\/wp-content\/uploads\/2020\/03\/ITP-STADIUM-2048x548.png 2048w\" sizes=\"auto, (max-width: 767px) 89vw, (max-width: 1000px) 54vw, (max-width: 1071px) 543px, 580px\" \/><\/figure>\n\n\n\n<h4 class=\"wp-block-heading\">Projekt 1<\/h4>\n\n\n\n<figure class=\"wp-block-table is-style-stripes\"><table class=\"has-fixed-layout\"><tbody><tr><td>Projekt:<\/td><td>VBL3000D \u2013 Projektierung einer vollautomatischen Lichttr\u00e4geranlage<\/td><\/tr><tr><td>Besonderheit:<\/td><td>Diese befindet sich unter dem Dach des Stadions <\/td><\/tr><tr><td>Ort:<\/td><td>Spanien<\/td><\/tr><tr><td>Kunde:<\/td><td>Erstligist aus der ersten spanischen Fu\u00dfballiga<\/td><\/tr><\/tbody><\/table><\/figure>\n\n\n\n<p style=\"background-color:#39ac37\" class=\"has-background\"><span style=\"color:#ffffff\" class=\"tadv-color\">In enger Zusammenarbeit mit einem deutschen Ingenieurb\u00fcro (Spezialisierung auf Statik) bestand die Aufgabe eine Lichttr\u00e4geranlage speziell f\u00fcr das Rasenwachstum mit allen erdenklichen Sicherheitseinrichtungen unter dem Dach des Stadions zu platzieren.    Die vollautomatische Lichttr\u00e4geranlage erm\u00f6glicht zuk\u00fcnftig das  Rasenwachstum in der Arena positiv zu verbessern und somit eine  ganzj\u00e4hrige gleichbleibende optimale Rasenqualit\u00e4t zu gew\u00e4hrleisten.  <\/span><\/p>\n\n\n\n<p>Die Besonderheit und die Einzigartigkeit der projektierten Anlage besteht darin, dass diese Ihre Parkposition unter dem Dach des Stadions hat. Das Absenken der Anlage in Ihre Arbeitsposition wird \u00fcber ein  ausgekl\u00fcgeltes  Seilkonstrukt realisiert. Hierdurch wird eine homogene Beleuchtung der Rasenfl\u00e4che erm\u00f6glicht. Ein wesentlicher Vorteile gegen\u00fcber mobilen Units ist, dass die Belichtungsh\u00f6he nun beliebig gew\u00e4hlt und somit an die jeweils zugrundeliegenden Bedingungen angepasst werden kann. Zudem werden unerw\u00fcnschte Schattenbildungen verhindert, welche bei dem Einsatz von mobilen Units normalerweise nicht zu verhindern sind.<\/p>\n\n\n\n<p style=\"background-color:#39ac37\" class=\"has-background\"><span style=\"color:#ffffff\" class=\"tadv-color\">\u201eDiese Projektierungsaufgabe war gewaltig, denn hier war von Anfang an ein Umdenken erforderlich, da hier die oberste Priorit\u00e4t nicht nur in der Qualit\u00e4t der Rasenfl\u00e4che bestand, sondern der Sicherheitsfaktor seit Anfang des Projektes mit Vordergrund stand.&#8221; so Carsten Wenske. Gemeinsam mit unseren Partnern wurde nun die erste Projektierungsphase erfolgreich abgeschlossen.  <\/span><\/p>\n\n\n\n<p> <\/p>\n\n\n\n<h4 class=\"wp-block-heading\"> Projekt 2<\/h4>\n\n\n\n<figure class=\"wp-block-table is-style-stripes\"><table class=\"has-fixed-layout\"><tbody><tr><td>Projekt:<\/td><td>VBL3000 \u2013 Auftrag zur Vorprojektierung einer vollautomatischen Bew\u00e4sserungs- und Lichttr\u00e4geranlage f\u00fcr ein Stadionneubau erhalten<\/td><\/tr><tr><td>Besonderheit:<\/td><td>Anlagen werden in einem unterirdischen Geb\u00e4udeteil geparkt. Zugang zum Einsatzort wird mittels eines Schwerlastaufzug realisiert<\/td><\/tr><tr><td>Ort:<\/td><td>Europa<\/td><\/tr><tr><td>Kunde:<\/td><td>Erstligist in einer europ\u00e4ischen Fu\u00dfballiga<\/td><\/tr><\/tbody><\/table><\/figure>\n\n\n\n\n\n\n\n<p><\/p>\n\n\n\n<p><a href=\"https:\/\/www.itp-gmbh.eu\/itp-stadium\/vbl-3000\"> VBL3000 <\/a><\/p>\n\n\n\n<p style=\"background-color:#39ac37\" class=\"has-background\"><span style=\"color:#ffffff\" class=\"tadv-color\">\u201eWir freuen uns den Auftrag zur Vorplanung, bez\u00fcglich der Integration unser Anlage in den Stadionneubau, bekommen zu haben. Dies sind optimale Voraussetzungen.\u201c so der leitende Konstruktionsingenieur Sebastian Ackermann.<\/span><\/p>\n","protected":false},"excerpt":{"rendered":"<p>Projekt 1 Projekt: VBL3000D \u2013 Projektierung einer vollautomatischen Lichttr\u00e4geranlage Besonderheit: Diese befindet sich unter dem Dach des Stadions Ort: Spanien Kunde: Erstligist aus der ersten spanischen Fu\u00dfballiga In enger Zusammenarbeit mit einem deutschen Ingenieurb\u00fcro (Spezialisierung auf Statik) bestand die Aufgabe eine Lichttr\u00e4geranlage speziell f\u00fcr das Rasenwachstum mit allen erdenklichen Sicherheitseinrichtungen unter dem Dach des Stadions &hellip; <\/p>\n<p class=\"link-more\"><a href=\"https:\/\/www.itp-gmbh.eu\/en\/projekte\" class=\"more-link\">Continue reading<span class=\"screen-reader-text\"> &#8220;PROJEKTE&#8221;<\/span><\/a><\/p>\n","protected":false},"author":2,"featured_media":0,"parent":0,"menu_order":0,"comment_status":"closed","ping_status":"closed","template":"","meta":{"footnotes":""},"class_list":["post-482","page","type-page","status-publish","hentry"],"translation":{"provider":"WPGlobus","version":"3.0.0","language":"en","enabled_languages":["de","en"],"languages":{"de":{"title":true,"content":true,"excerpt":false},"en":{"title":false,"content":false,"excerpt":false}}},"_links":{"self":[{"href":"https:\/\/www.itp-gmbh.eu\/en\/wp-json\/wp\/v2\/pages\/482","targetHints":{"allow":["GET"]}}],"collection":[{"href":"https:\/\/www.itp-gmbh.eu\/en\/wp-json\/wp\/v2\/pages"}],"about":[{"href":"https:\/\/www.itp-gmbh.eu\/en\/wp-json\/wp\/v2\/types\/page"}],"author":[{"embeddable":true,"href":"https:\/\/www.itp-gmbh.eu\/en\/wp-json\/wp\/v2\/users\/2"}],"replies":[{"embeddable":true,"href":"https:\/\/www.itp-gmbh.eu\/en\/wp-json\/wp\/v2\/comments?post=482"}],"version-history":[{"count":14,"href":"https:\/\/www.itp-gmbh.eu\/en\/wp-json\/wp\/v2\/pages\/482\/revisions"}],"predecessor-version":[{"id":498,"href":"https:\/\/www.itp-gmbh.eu\/en\/wp-json\/wp\/v2\/pages\/482\/revisions\/498"}],"wp:attachment":[{"href":"https:\/\/www.itp-gmbh.eu\/en\/wp-json\/wp\/v2\/media?parent=482"}],"curies":[{"name":"wp","href":"https:\/\/api.w.org\/{rel}","templated":true}]}}